{"id":9962,"date":"2023-09-27T07:29:11","date_gmt":"2023-09-27T07:29:11","guid":{"rendered":"https:\/\/www.ciprogest.com\/100-natuerlicher-mandarinensaft\/"},"modified":"2025-12-14T12:21:31","modified_gmt":"2025-12-14T12:21:31","slug":"100-natuerlicher-mandarinensaft","status":"publish","type":"product","link":"https:\/\/www.ciprogest.com\/de\/100-natuerlicher-mandarinensaft\/","title":{"rendered":"100% nat\u00fcrlicher Mandarinensaft"},"content":{"rendered":"<div class=\"wpb-content-wrapper\"><p>[vc_row][vc_column]\n\t\t<div id=\"wd-6513d94d04134\" class=\"title-wrapper wd-wpb wd-set-mb reset-last-child  wd-rs-6513d94d04134 wd-title-color-primary wd-title-style-underlined-2 text-left  wd-underline-colored\">\n\t\t\t\n\t\t\t<div class=\"liner-continer\">\n\t\t\t\t<h4 class=\"woodmart-title-container title  wd-font-weight- wd-fontsize-m\" >Eigenschaften<\/h4>\n\t\t\t\t\t\t\t<\/div>\n\t\t\t\n\t\t\t\n\t\t\t\n\t\t<\/div>\n\t\t\n\t\t[vc_column_text woodmart_inline=&#8220;no&#8220; text_larger=&#8220;no&#8220;]Unser Tangerinensaft wird ausschliesslich aus Mandarinen hergestellt, die unter der warmen sizilianischen Sonne gereift sind. Dieses hervorragende Produkt, das in einem bequemen 1-Liter-Brick erh\u00e4ltlich ist, ist die perfekte Wahl f\u00fcr Unternehmen, die ihren Kunden ein authentisches und wohltuendes Geschmackserlebnis bieten m\u00f6chten. Unsere Mandarinen sind das Ergebnis einer sorgf\u00e4ltigen Auswahl der renommiertesten sizilianischen Zitrusfr\u00fcchte und durch einen schonenden und gewissenhaften Verarbeitungsprozess bewahren wir alle ihre ern\u00e4hrungsphysiologischen Eigenschaften, den verf\u00fchrerischen Duft und den charakteristischen Geschmack. Das Ergebnis ist ein harmonischer Saft, in dem sich die der Mandarine innewohnende S\u00fcsse und eine Prise S\u00e4ure vermischen &#8211; ganz ohne Zuckerzusatz. Mit unserem Saft k\u00f6nnen Sie ein St\u00fcck des magischen Sizilien direkt auf die Tische Ihrer Kunden bringen.[\/vc_column_text]\n\t\t<div id=\"wd-6513d98d47914\" class=\"title-wrapper wd-wpb wd-set-mb reset-last-child  wd-rs-6513d98d47914 wd-title-color-primary wd-title-style-underlined-2 text-left  wd-underline-colored\">\n\t\t\t\n\t\t\t<div class=\"liner-continer\">\n\t\t\t\t<h4 class=\"woodmart-title-container title  wd-font-weight- wd-fontsize-m\" >perfekt f\u00fcr<\/h4>\n\t\t\t\t\t\t\t<\/div>\n\t\t\t\n\t\t\t\n\t\t\t\n\t\t<\/div>\n\t\t\n\t\t[vc_column_text woodmart_inline=&#8220;no&#8220; text_larger=&#8220;no&#8220;]S\u00e4fte zum Fr\u00fchst\u00fcck, Granita, Sorbet, Eis, Kuchen, Cremes und Cocktails.[\/vc_column_text][\/vc_column][\/vc_row][vc_row css=&#8220;.vc_custom_1696315179760{margin-top: 48px !important;}&#8220; woodmart_css_id=&#8220;651bb7253bd3d&#8220; responsive_spacing=&#8220;eyJwYXJhbV90eXBlIjoid29vZG1hcnRfcmVzcG9uc2l2ZV9zcGFjaW5nIiwic2VsZWN0b3JfaWQiOiI2NTFiYjcyNTNiZDNkIiwic2hvcnRjb2RlIjoidmNfcm93IiwiZGF0YSI6eyJ0YWJsZXQiOnt9LCJtb2JpbGUiOnt9fX0=&#8220; mobile_bg_img_hidden=&#8220;no&#8220; tablet_bg_img_hidden=&#8220;no&#8220; woodmart_parallax=&#8220;0&#8243; woodmart_gradient_switch=&#8220;no&#8220; woodmart_box_shadow=&#8220;no&#8220; wd_z_index=&#8220;no&#8220; woodmart_disable_overflow=&#8220;0&#8243; row_reverse_mobile=&#8220;0&#8243; row_reverse_tablet=&#8220;0&#8243;][vc_column]\n\t\t<div id=\"wd-651c1ce6bc7dd\" class=\"title-wrapper wd-wpb wd-set-mb reset-last-child  wd-rs-651c1ce6bc7dd wd-title-color-default wd-title-style-default text-center  wd-underline-colored\">\n\t\t\t\n\t\t\t<div class=\"liner-continer\">\n\t\t\t\t<h4 class=\"woodmart-title-container title  wd-font-weight- wd-fontsize-xl\" >Weitere Informationen anfordern<\/h4>\n\t\t\t\t\t\t\t<\/div>\n\t\t\t\n\t\t\t\t\t\t\t<div class=\"title-after_title reset-last-child  wd-fontsize-s\">F\u00fcr weitere Informationen \u00fcber unsere S\u00e4fte z\u00f6gern Sie nicht uns zu kontaktieren.<\/div>\n\t\t\t\n\t\t\t\n\t\t<\/div>\n\t\t\n\t\t<div id=\"wd-651bb6d5eac0f\" class=\" wd-rs-651bb6d5eac0f   wd-rs-651bb6d5eac0f wd-button-wrapper text-center\"><a href=\"#1\" title=\"\" class=\"btn btn-color-alt btn-style-bordered btn-shape-rectangle btn-size-default wd-open-popup \">Richiedi maggiori informazioni<\/a><\/div><div id=\"1\" class=\"mfp-hide wd-popup wd-popup-element wd-scroll-content\" style=\"--wd-popup-width:800px;\">[vc_column_text woodmart_inline=&#8220;no&#8220; text_larger=&#8220;no&#8220;]<div class='fluentform ff-default fluentform_wrapper_3 ffs_default_wrap'><form data-form_id=\"3\" id=\"fluentform_3\" class=\"frm-fluent-form fluent_form_3 ff-el-form-top ff_form_instance_3_1 ff-form-loading ffs_default\" data-form_instance=\"ff_form_instance_3_1\" method=\"POST\" ><fieldset  style=\"border: none!important;margin: 0!important;padding: 0!important;background-color: transparent!important;box-shadow: none!important;outline: none!important; min-inline-size: 100%;\">\n                    <legend class=\"ff_screen_reader_title\" style=\"display: block; margin: 0!important;padding: 0!important;height: 0!important;text-indent: -999999px;width: 0!important;overflow:hidden;\">Richiesta Info Gelato ITA<\/legend><input type='hidden' name='__fluent_form_embded_post_id' value='9962' \/><input type=\"hidden\" id=\"_fluentform_3_fluentformnonce\" name=\"_fluentform_3_fluentformnonce\" value=\"d5d6b3ad56\" \/><input type=\"hidden\" name=\"_wp_http_referer\" value=\"\/de\/wp-json\/wp\/v2\/product\/9962\" \/><div data-type=\"name-element\" data-name=\"names\" class=\" ff-field_container ff-name-field-wrapper\" ><div class='ff-t-container'><div class='ff-t-cell '><div class='ff-el-group'><div class=\"ff-el-input--label ff-el-is-required asterisk-right\"><label for='ff_3_names_first_name_' id='label_ff_3_names_first_name_' >Nome<\/label><\/div><div class='ff-el-input--content'><input type=\"text\" name=\"names[first_name]\" id=\"ff_3_names_first_name_\" class=\"ff-el-form-control\" aria-invalid=\"false\" aria-required=true><\/div><\/div><\/div><div class='ff-t-cell '><div class='ff-el-group'><div class=\"ff-el-input--label ff-el-is-required asterisk-right\"><label for='ff_3_names_last_name_' id='label_ff_3_names_last_name_' >Cognome<\/label><\/div><div class='ff-el-input--content'><input type=\"text\" name=\"names[last_name]\" id=\"ff_3_names_last_name_\" class=\"ff-el-form-control\" aria-invalid=\"false\" aria-required=true><\/div><\/div><\/div><\/div><\/div><div class='ff-el-group'><div class=\"ff-el-input--label ff-el-is-required asterisk-right\"><label for='ff_3_numeric_field' id='label_ff_3_numeric_field' aria-label=\"Telefono\">Telefono<\/label><\/div><div class='ff-el-input--content'><input type=\"number\" name=\"numeric_field\" id=\"ff_3_numeric_field\" class=\"ff-el-form-control\" data-name=\"numeric_field\" inputmode=\"numeric\" step=\"any\"  aria-invalid=\"false\" aria-required=true><\/div><\/div><div class='ff-el-group'><div class=\"ff-el-input--label ff-el-is-required asterisk-right\"><label for='ff_3_email' id='label_ff_3_email' aria-label=\"Email\">Email<\/label><\/div><div class='ff-el-input--content'><input type=\"email\" name=\"email\" id=\"ff_3_email\" class=\"ff-el-form-control\" data-name=\"email\"  aria-invalid=\"false\" aria-required=true><\/div><\/div><div class='ff-el-group'><div class=\"ff-el-input--label asterisk-right\"><label for='ff_3_message' id='label_ff_3_message' aria-label=\"Messaggio\">Messaggio<\/label><\/div><div class='ff-el-input--content'><textarea aria-required=\"false\" aria-labelledby=\"label_ff_3_message\" name=\"message\" id=\"ff_3_message\" class=\"ff-el-form-control\" rows=\"3\" cols=\"2\" data-name=\"message\" ><\/textarea><\/div><\/div><div class='ff-el-group ff-text-left ff_submit_btn_wrapper'><button type=\"submit\" class=\"ff-btn ff-btn-submit ff-btn-md ff_btn_style wpf_has_custom_css\"  aria-label=\"Invia\">Invia<\/button><\/div><\/fieldset><\/form><div id='fluentform_3_errors' class='ff-errors-in-stack ff_form_instance_3_1 ff-form-loading_errors ff_form_instance_3_1_errors'><\/div><\/div>            <script type=\"text\/javascript\">\n                window.fluent_form_ff_form_instance_3_1 = {\"id\":\"3\",\"settings\":{\"layout\":{\"labelPlacement\":\"top\",\"helpMessagePlacement\":\"with_label\",\"errorMessagePlacement\":\"inline\",\"cssClassName\":\"\",\"asteriskPlacement\":\"asterisk-right\"},\"restrictions\":{\"denyEmptySubmission\":{\"enabled\":false}}},\"form_instance\":\"ff_form_instance_3_1\",\"form_id_selector\":\"fluentform_3\",\"rules\":{\"names[first_name]\":{\"required\":{\"value\":true,\"message\":\"This field is required\",\"global\":false,\"global_message\":\"Questo campo \\u00e8 obbligatorio\"}},\"names[middle_name]\":{\"required\":{\"value\":false,\"message\":\"This field is required\",\"global\":false,\"global_message\":\"Questo campo \\u00e8 obbligatorio\"}},\"names[last_name]\":{\"required\":{\"value\":true,\"message\":\"This field is required\",\"global\":false,\"global_message\":\"Questo campo \\u00e8 obbligatorio\"}},\"numeric_field\":{\"required\":{\"value\":true,\"message\":\"Dieses Feld ist erforderlich\",\"global_message\":\"Questo campo \\u00e8 obbligatorio\",\"global\":true},\"numeric\":{\"value\":true,\"message\":\"Dieses Feld muss einen numerischen Wert enthalten\",\"global_message\":\"Questo campo deve contenere un valore numerico\",\"global\":true},\"min\":{\"value\":\"\",\"message\":\"Validierung des Mindestwerts schl\\u00e4gt fehl\",\"global_message\":\"La convalida non riesce per il valore minimo\",\"global\":true},\"max\":{\"value\":\"\",\"message\":\"Validierung schl\\u00e4gt bei Maximalwert fehl\",\"global_message\":\"La convalida non riesce per il valore massimo\",\"global\":true},\"digits\":{\"value\":\"\",\"message\":\"Validierung schl\\u00e4gt bei begrenzten Ziffern fehl\",\"global_message\":\"La convalida non riesce per cifre limitate\",\"global\":true}},\"email\":{\"required\":{\"value\":true,\"message\":\"Campo obbligatorio\",\"global\":false,\"global_message\":\"Questo campo \\u00e8 obbligatorio\"},\"email\":{\"value\":true,\"message\":\"L'email contiene caratteri non consentiti\",\"global\":false,\"global_message\":\"Questo campo deve contenere un indirizzo email valido\"}},\"message\":{\"required\":{\"value\":false,\"message\":\"This field is required\",\"global\":false,\"global_message\":\"Questo campo \\u00e8 obbligatorio\"}}},\"debounce_time\":300};\n                            <\/script>\n            [\/vc_column_text]<\/div>[\/vc_column][\/vc_row]<\/p>\n<\/div>","protected":false},"excerpt":{"rendered":"<p>Frischer, 100% nat\u00fcrlicher Tangerinensaft ohne Farb-, Konservierungs- oder Zuckerzusatz. Der ganze Geschmack und Duft der sizilianischen Mandarine in einem erfrischenden, leckeren Saft f\u00fcr echten Genuss.  Eine hochwertige Wahl, ein nat\u00fcrlicher Saft, der alle organoleptischen Eigenschaften der frisch gepressten Frucht bewahrt.<\/p>\n","protected":false},"featured_media":9963,"template":"","meta":[],"product_brand":[],"product_cat":[191],"product_tag":[],"class_list":{"0":"post-9962","1":"product","2":"type-product","3":"status-publish","4":"has-post-thumbnail","6":"product_cat-100-naturliche-safte","8":"first","9":"instock","10":"shipping-taxable","11":"product-type-simple"},"_links":{"self":[{"href":"https:\/\/www.ciprogest.com\/de\/wp-json\/wp\/v2\/product\/9962","targetHints":{"allow":["GET"]}}],"collection":[{"href":"https:\/\/www.ciprogest.com\/de\/wp-json\/wp\/v2\/product"}],"about":[{"href":"https:\/\/www.ciprogest.com\/de\/wp-json\/wp\/v2\/types\/product"}],"wp:featuredmedia":[{"embeddable":true,"href":"https:\/\/www.ciprogest.com\/de\/wp-json\/wp\/v2\/media\/9963"}],"wp:attachment":[{"href":"https:\/\/www.ciprogest.com\/de\/wp-json\/wp\/v2\/media?parent=9962"}],"wp:term":[{"taxonomy":"product_brand","embeddable":true,"href":"https:\/\/www.ciprogest.com\/de\/wp-json\/wp\/v2\/product_brand?post=9962"},{"taxonomy":"product_cat","embeddable":true,"href":"https:\/\/www.ciprogest.com\/de\/wp-json\/wp\/v2\/product_cat?post=9962"},{"taxonomy":"product_tag","embeddable":true,"href":"https:\/\/www.ciprogest.com\/de\/wp-json\/wp\/v2\/product_tag?post=9962"}],"curies":[{"name":"wp","href":"https:\/\/api.w.org\/{rel}","templated":true}]}}